{"id":56,"date":"2021-08-09T06:37:54","date_gmt":"2021-08-09T06:37:54","guid":{"rendered":"https:\/\/michaelhanak.ch\/wordpress\/?page_id=56"},"modified":"2026-01-18T09:30:22","modified_gmt":"2026-01-18T09:30:22","slug":"ortsbildstudien","status":"publish","type":"page","link":"https:\/\/michaelhanak.ch\/?page_id=56","title":{"rendered":"Ortsbildstudien"},"content":{"rendered":"<p><em>Bestandesaufnahme und Analyse Quartierschutzgebiete Schaffhausen, <\/em>im Auftrag des Stadtplanungsamts Schaffhausen (in Arbeitsgemeinschaft mit Metron), 2021\u20132025<\/p>\n<p><em>ISOS-Vertr\u00e4glichkeits-Studie<\/em> <em>Bahnhofsareal Bremgarten, <\/em>im Auftrag der Stadt Bremgarten<em>,<\/em> 2022<\/p>\n<p><em>ISOS-Vertr\u00e4glichkeits-Studie \u00abS\u00fcdhaus\u00bb Bahnhof West in Baden,<\/em> im Auftrag der Stadt Baden, 2022<\/p>\n<p><em>ISOS-Vertr\u00e4glichkeits-Studie Krismer-Areal in Baden,<\/em> im Auftrag der Stadt Baden, 2022<\/p>\n<p><em>Ortsbildanalyse Z\u00fcrich-Oerlikon,<\/em> im Auftrag des Amts f\u00fcr St\u00e4dtebau Z\u00fcrich, 2016\u20132017<\/p>\n<p><em>Ortsbildstudien Stadt Zug, Ortsbildschutzzonen Altstadt, Zentrum und Oberwil,<\/em> im Auftrag des Baudepartements Stadt Zug, 2015\u20132018<\/p>\n<p><em>Ortsbildstudie Z\u00fcrich-Witikon, Z\u00fcrich,<\/em> im Auftrag des Amts f\u00fcr St\u00e4dtebau Z\u00fcrich, 2015\u20132016<\/p>\n<p><em>Quartieranalyse Wolfsacker in Lenzburg,<\/em> im Auftrag des Stadtbauamts Lenzburg, 2015<\/p>\n<p><em>Quartieranalyse Z\u00fcrich-Leimbach,<\/em> im Auftrag des Amts f\u00fcr St\u00e4dtebau Z\u00fcrich, 2012<\/p>\n<p><em>Ortsbildstudie Z\u00fcrich-Wollishofen,<\/em> im Auftrag der Denkmalpflege der Stadt Z\u00fcrich, 2010<\/p>\n<p><em>Ortsbildstudie Gartenstadtquartiere Aarau, <\/em>im Auftrag des Stadtbauamts Aarau, 2010<\/p>\n<p><em>Ortsbildstudien Schwamendingen \/ Seefeld \/ Seebach \/ Hard \/ Weststrasse, Z\u00fcrich,<\/em> im Auftrag der Denkmalpflege der Stadt Z\u00fcrich, 2004\u20132008<\/p>\n","protected":false},"excerpt":{"rendered":"<p>Bestandesaufnahme und Analyse Quartierschutzgebiete Schaffhausen, im Auftrag des Stadtplanungsamts Schaffhausen (in Arbeitsgemeinschaft mit Metron), 2021\u20132025 ISOS-Vertr\u00e4glichkeits-Studie Bahnhofsareal Bremgarten, im Auftrag der Stadt Bremgarten, 2022 ISOS-Vertr\u00e4glichkeits-Studie \u00abS\u00fcdhaus\u00bb Bahnhof West in Baden, im Auftrag der Stadt Baden, 2022 ISOS-Vertr\u00e4glichkeits-Studie Krismer-Areal in Baden, im Auftrag der Stadt Baden, 2022 Ortsbildanalyse Z\u00fcrich-Oerlikon, im Auftrag des Amts f\u00fcr St\u00e4dtebau Z\u00fcrich, [&hellip;]<\/p>\n","protected":false},"author":1,"featured_media":0,"parent":0,"menu_order":0,"comment_status":"closed","ping_status":"closed","template":"","meta":{"footnotes":""},"class_list":["post-56","page","type-page","status-publish","hentry"],"_links":{"self":[{"href":"https:\/\/michaelhanak.ch\/index.php?rest_route=\/wp\/v2\/pages\/56","targetHints":{"allow":["GET"]}}],"collection":[{"href":"https:\/\/michaelhanak.ch\/index.php?rest_route=\/wp\/v2\/pages"}],"about":[{"href":"https:\/\/michaelhanak.ch\/index.php?rest_route=\/wp\/v2\/types\/page"}],"author":[{"embeddable":true,"href":"https:\/\/michaelhanak.ch\/index.php?rest_route=\/wp\/v2\/users\/1"}],"replies":[{"embeddable":true,"href":"https:\/\/michaelhanak.ch\/index.php?rest_route=%2Fwp%2Fv2%2Fcomments&post=56"}],"version-history":[{"count":13,"href":"https:\/\/michaelhanak.ch\/index.php?rest_route=\/wp\/v2\/pages\/56\/revisions"}],"predecessor-version":[{"id":277,"href":"https:\/\/michaelhanak.ch\/index.php?rest_route=\/wp\/v2\/pages\/56\/revisions\/277"}],"wp:attachment":[{"href":"https:\/\/michaelhanak.ch\/index.php?rest_route=%2Fwp%2Fv2%2Fmedia&parent=56"}],"curies":[{"name":"wp","href":"https:\/\/api.w.org\/{rel}","templated":true}]}}