{"id":230,"date":"2025-03-12T22:51:05","date_gmt":"2025-03-12T22:51:05","guid":{"rendered":"https:\/\/michaelhanak.ch\/?page_id=230"},"modified":"2025-06-07T17:00:55","modified_gmt":"2025-06-07T17:00:55","slug":"detailinventare-objektidentifikationen","status":"publish","type":"page","link":"https:\/\/michaelhanak.ch\/?page_id=230","title":{"rendered":"Detailinventare"},"content":{"rendered":"<p><em>Polizeikaserne Z\u00fcrich, <\/em>im Auftrag von Liegenschaften Stadt Z\u00fcrich und Denkmalpflege des Kantons Z\u00fcrich, 2024<\/p>\n<p><em>Zeughausanlage Z\u00fcrich, <\/em>im Auftrag von Liegenschaften Stadt Z\u00fcrich und Denkmalpflege des Kantons Z\u00fcrich, 2024<\/p>\n<p><em>Kantonsschule Sursee,<\/em> im Auftrag der Dienststelle Immobilien des Kantons Luzern, 2022<\/p>\n<p><em>Spital Zollikerberg und Areal Neum\u00fcnster in Zollikon,<\/em> im Auftrag der Stiftung Diakoniewerk Neum\u00fcnster \u2013 Schweizerische Pflegerinnenschule, Zollikerberg, und der Gemeinde Zollikon, 2021<\/p>\n<p><em>Konvikt Chur,<\/em> im Auftrag der Denkmalpflege des Kantons Graubu\u0308nden, Chur, 2016<\/p>\n<p><em>Bauten ETH H\u00f6nggerberg, Zu\u0308rich, <\/em>im Auftrag der ETH Z\u00fcrich, 2015<\/p>\n<p><em>Raumbuch Mehrfamilienh\u00e4user Doldertal 15<\/em> und <em>17, Z\u00fcrich,<\/em> in Zusammenarbeit mit Architekt Silvio Schmed, im Auftrag der Denkmalpflege des Kantons Z\u00fcrich, 2013\u20132014<\/p>\n<p><em>Schulhaus Wallr\u00fcti in Winterthur,<\/em> im Auftrag der Denkmalpflege des Kantons Z\u00fcrich, 2013<\/p>\n<p><em>Restaurant Park, Rheinfallquai 5, Neuhausen am Rheinfall,<\/em> im Auftrag der Denkmalpflege Schaffhausen, 2011<\/p>\n<p><em>Freibad B\u00fcnzmatt, Wohlen,<\/em> im Auftrag der Bauverwaltung Wohlen, 2010<\/p>\n","protected":false},"excerpt":{"rendered":"<p>Polizeikaserne Z\u00fcrich, im Auftrag von Liegenschaften Stadt Z\u00fcrich und Denkmalpflege des Kantons Z\u00fcrich, 2024 Zeughausanlage Z\u00fcrich, im Auftrag von Liegenschaften Stadt Z\u00fcrich und Denkmalpflege des Kantons Z\u00fcrich, 2024 Kantonsschule Sursee, im Auftrag der Dienststelle Immobilien des Kantons Luzern, 2022 Spital Zollikerberg und Areal Neum\u00fcnster in Zollikon, im Auftrag der Stiftung Diakoniewerk Neum\u00fcnster \u2013 Schweizerische Pflegerinnenschule, [&hellip;]<\/p>\n","protected":false},"author":1,"featured_media":0,"parent":0,"menu_order":0,"comment_status":"closed","ping_status":"closed","template":"","meta":{"footnotes":""},"class_list":["post-230","page","type-page","status-publish","hentry"],"_links":{"self":[{"href":"https:\/\/michaelhanak.ch\/index.php?rest_route=\/wp\/v2\/pages\/230","targetHints":{"allow":["GET"]}}],"collection":[{"href":"https:\/\/michaelhanak.ch\/index.php?rest_route=\/wp\/v2\/pages"}],"about":[{"href":"https:\/\/michaelhanak.ch\/index.php?rest_route=\/wp\/v2\/types\/page"}],"author":[{"embeddable":true,"href":"https:\/\/michaelhanak.ch\/index.php?rest_route=\/wp\/v2\/users\/1"}],"replies":[{"embeddable":true,"href":"https:\/\/michaelhanak.ch\/index.php?rest_route=%2Fwp%2Fv2%2Fcomments&post=230"}],"version-history":[{"count":4,"href":"https:\/\/michaelhanak.ch\/index.php?rest_route=\/wp\/v2\/pages\/230\/revisions"}],"predecessor-version":[{"id":247,"href":"https:\/\/michaelhanak.ch\/index.php?rest_route=\/wp\/v2\/pages\/230\/revisions\/247"}],"wp:attachment":[{"href":"https:\/\/michaelhanak.ch\/index.php?rest_route=%2Fwp%2Fv2%2Fmedia&parent=230"}],"curies":[{"name":"wp","href":"https:\/\/api.w.org\/{rel}","templated":true}]}}