{"id":221,"date":"2025-03-12T20:09:09","date_gmt":"2025-03-12T20:09:09","guid":{"rendered":"https:\/\/michaelhanak.ch\/?page_id=221"},"modified":"2025-03-12T20:09:09","modified_gmt":"2025-03-12T20:09:09","slug":"ausstellungen","status":"publish","type":"page","link":"https:\/\/michaelhanak.ch\/?page_id=221","title":{"rendered":"Ausstellungen"},"content":{"rendered":"<p><em>Modern Living. Einfamilienh\u00e4user in Basel und Umgebung 1945\u20131975,<\/em> im Museum Kleines Klingental, Basel (in Zusammenarbeit mit Klaus Spechtenhauser), 2020\u20132021<\/p>\n<p><em>D\u00e4nemark. Architektur und Design heute,<\/em> pr\u00e4sentiert vom Institut gta in Zusammenarbeit mit dem Kgl. D\u00e4nischen Generalkonsulat, Z\u00fcrich, und dem Trade Council of Denmark, in der ETH Z\u00fcrich, 2007<\/p>\n<p><em>Hallenstadion Z\u00fcrich 1939\/2005. Die Erneuerung eines Zweckbaus,<\/em> in der ETH Z\u00fcrich, 2005\u20132006<\/p>\n<p><em>The Art of Structural Design. <\/em><em>A Swiss Legacy,<\/em> von Prof. David Billington und des Princeton University Art Museum, im Haus Konstruktiv in Z\u00fcrich, 2005<\/p>\n<p><em>Die ETH baut Z\u00fcrich 1855\u20132005. Zum 150-j\u00e4hrigen Jubil\u00e4um der ETH, <\/em>in der Haupthalle der ETH Z\u00fcrich, 2004\u20132005<\/p>\n<p><em>When I get older \u2013 Wohnen im Alter,<\/em> im Architekturforum Z\u00fcrich (in Zusammenarbeit mit Inge Beckel), 2004<\/p>\n<p><em>Eternit Schweiz. Architektur als Firmenkultur seit 1903,<\/em> in der Haupthalle der ETH Z\u00fcrich, Institut gta (Leitung: Philippe Carrard), 2003<\/p>\n<p><em>Gebautes und Erdachtes. St\u00e4dtebauliche Visionen in der Entwicklung von Aarau,<\/em> im Forum Schlossplatz in Aarau (in Zusammenarbeit mit Bruno Jenni), 2001\u20132002<\/p>\n<p><em>Aarau Kunst Haus. Zur Architektur des Aargauer Kunsthauses,<\/em> im Forum Schlossplatz in Aarau, 2000\u20132001<\/p>\n<p><em>Neu Bauen in der Aarauer Altstadt<\/em> sowie Pr\u00e4sentation <em>Baupreis der Stadt Aarau<\/em> im Rathaus Aarau, 1995<\/p>\n<p><em>50 Jahre Auszeichnungen f\u00fcr gute Bauten in der Stadt Z\u00fcrich,<\/em> im Stadthaus Z\u00fcrich, im Auftrag des Bauamts II der Stadt Z\u00fcrich (unter der Leitung von Christof K\u00fcbler), 1995<\/p>\n","protected":false},"excerpt":{"rendered":"<p>Modern Living. Einfamilienh\u00e4user in Basel und Umgebung 1945\u20131975, im Museum Kleines Klingental, Basel (in Zusammenarbeit mit Klaus Spechtenhauser), 2020\u20132021 D\u00e4nemark. Architektur und Design heute, pr\u00e4sentiert vom Institut gta in Zusammenarbeit mit dem Kgl. D\u00e4nischen Generalkonsulat, Z\u00fcrich, und dem Trade Council of Denmark, in der ETH Z\u00fcrich, 2007 Hallenstadion Z\u00fcrich 1939\/2005. Die Erneuerung eines Zweckbaus, in [&hellip;]<\/p>\n","protected":false},"author":1,"featured_media":0,"parent":0,"menu_order":0,"comment_status":"closed","ping_status":"closed","template":"","meta":{"footnotes":""},"class_list":["post-221","page","type-page","status-publish","hentry"],"_links":{"self":[{"href":"https:\/\/michaelhanak.ch\/index.php?rest_route=\/wp\/v2\/pages\/221","targetHints":{"allow":["GET"]}}],"collection":[{"href":"https:\/\/michaelhanak.ch\/index.php?rest_route=\/wp\/v2\/pages"}],"about":[{"href":"https:\/\/michaelhanak.ch\/index.php?rest_route=\/wp\/v2\/types\/page"}],"author":[{"embeddable":true,"href":"https:\/\/michaelhanak.ch\/index.php?rest_route=\/wp\/v2\/users\/1"}],"replies":[{"embeddable":true,"href":"https:\/\/michaelhanak.ch\/index.php?rest_route=%2Fwp%2Fv2%2Fcomments&post=221"}],"version-history":[{"count":2,"href":"https:\/\/michaelhanak.ch\/index.php?rest_route=\/wp\/v2\/pages\/221\/revisions"}],"predecessor-version":[{"id":224,"href":"https:\/\/michaelhanak.ch\/index.php?rest_route=\/wp\/v2\/pages\/221\/revisions\/224"}],"wp:attachment":[{"href":"https:\/\/michaelhanak.ch\/index.php?rest_route=%2Fwp%2Fv2%2Fmedia&parent=221"}],"curies":[{"name":"wp","href":"https:\/\/api.w.org\/{rel}","templated":true}]}}