{"id":2,"date":"2021-08-08T21:45:00","date_gmt":"2021-08-08T21:45:00","guid":{"rendered":"https:\/\/michaelhanak.ch\/wordpress\/?page_id=2"},"modified":"2026-01-17T17:05:53","modified_gmt":"2026-01-17T17:05:53","slug":"sample-page","status":"publish","type":"page","link":"https:\/\/michaelhanak.ch\/?page_id=2","title":{"rendered":"Inventare"},"content":{"rendered":"<p><em>Inventarerga\u0308nzung Bezirke Arbon und Frauenfeld Kanton Thurgau 1960\u20132000, <\/em>2023\u20132025<\/p>\r\n<p><em>Erg\u00e4nzung Stadtinventar Chur um Maladers und Haldenstein, <\/em>im Auftrag von Hochbaudienste Stadt Chur, 2024<\/p>\r\n<p><em>Inventarbl\u00e4tter<\/em> Stadt Z\u00fcrich, 2022<\/p>\r\n<p><em>Inventarbl\u00e4tter<\/em> Kanton Z\u00fcrich, 2020<\/p>\r\n<p><em>Inventar der Kulturobjekte in Adliswil,<\/em> 2016\u20132017<\/p>\r\n<p><em>Bestandesaufnahme historischer Bauten in Risch,<\/em> 2014\u20132015<\/p>\r\n<p><em>Bestandesaufnahme historischer Bauten in Cham,<\/em> 2013\u20132014<\/p>\r\n<p><em>Inventarerweiterung Frauenfeld 1940\u20131980,<\/em> 2013\u20132014<\/p>\r\n<p><em>Inventarerg\u00e4nzung Z\u00fcrich 1965\u20131980,<\/em> 2011\u20132012<\/p>\r\n<p><em>Inventar Kanton Solothurn 1940\u20131980,<\/em> 2010\u20132013<\/p>\r\n<p><em>Inventarerg\u00e4nzung Winterthur 1945\u20131980,<\/em> 2010\u20132011<\/p>\r\n","protected":false},"excerpt":{"rendered":"<p>Inventarerga\u0308nzung Bezirke Arbon und Frauenfeld Kanton Thurgau 1960\u20132000, 2023\u20132025 Erg\u00e4nzung Stadtinventar Chur um Maladers und Haldenstein, im Auftrag von Hochbaudienste Stadt Chur, 2024 Inventarbl\u00e4tter Stadt Z\u00fcrich, 2022 Inventarbl\u00e4tter Kanton Z\u00fcrich, 2020 Inventar der Kulturobjekte in Adliswil, 2016\u20132017 Bestandesaufnahme historischer Bauten in Risch, 2014\u20132015 Bestandesaufnahme historischer Bauten in Cham, 2013\u20132014 Inventarerweiterung Frauenfeld 1940\u20131980, 2013\u20132014 Inventarerg\u00e4nzung Z\u00fcrich [&hellip;]<\/p>\n","protected":false},"author":1,"featured_media":0,"parent":0,"menu_order":0,"comment_status":"closed","ping_status":"closed","template":"","meta":{"footnotes":""},"class_list":["post-2","page","type-page","status-publish","hentry"],"_links":{"self":[{"href":"https:\/\/michaelhanak.ch\/index.php?rest_route=\/wp\/v2\/pages\/2","targetHints":{"allow":["GET"]}}],"collection":[{"href":"https:\/\/michaelhanak.ch\/index.php?rest_route=\/wp\/v2\/pages"}],"about":[{"href":"https:\/\/michaelhanak.ch\/index.php?rest_route=\/wp\/v2\/types\/page"}],"author":[{"embeddable":true,"href":"https:\/\/michaelhanak.ch\/index.php?rest_route=\/wp\/v2\/users\/1"}],"replies":[{"embeddable":true,"href":"https:\/\/michaelhanak.ch\/index.php?rest_route=%2Fwp%2Fv2%2Fcomments&post=2"}],"version-history":[{"count":7,"href":"https:\/\/michaelhanak.ch\/index.php?rest_route=\/wp\/v2\/pages\/2\/revisions"}],"predecessor-version":[{"id":266,"href":"https:\/\/michaelhanak.ch\/index.php?rest_route=\/wp\/v2\/pages\/2\/revisions\/266"}],"wp:attachment":[{"href":"https:\/\/michaelhanak.ch\/index.php?rest_route=%2Fwp%2Fv2%2Fmedia&parent=2"}],"curies":[{"name":"wp","href":"https:\/\/api.w.org\/{rel}","templated":true}]}}