{"id":120,"date":"2021-08-09T22:54:45","date_gmt":"2021-08-09T22:54:45","guid":{"rendered":"https:\/\/michaelhanak.ch\/wordpress\/?page_id=120"},"modified":"2026-01-17T17:45:06","modified_gmt":"2026-01-17T17:45:06","slug":"beratungen-expertisen-jurierungen","status":"publish","type":"page","link":"https:\/\/michaelhanak.ch\/?page_id=120","title":{"rendered":"Beratungen\/Expertisen\/Jurierungen"},"content":{"rendered":"<p><em>Ber\u00fccksichtigung des ISOS in der BZO Z\u00fcrich,<\/em> im Auftrag des Amts f\u00fcr St\u00e4dtebau (mit Planwerkstadt), 2023\u20132025<\/p>\n<p>Beratung Umbau <em>Bankgeb\u00e4ude Schweizerische Kreditanstalt, Paradeplatz 8, Z\u00fcrich,<\/em> im Auftrag der Halter AG, Schlieren, seit 2023<\/p>\n<p>Experte Jurierung <em>Entwicklungsplanung Spital Zollikerberg,<\/em> im Auftrag des Diakoniewerks Neum\u00fcnster, Zollikon, 2023<\/p>\n<p>Beurteilungsgremium Testplanung <em>Zentrumspark Dielsdorf,<\/em> 2020<\/p>\n<p>Jurierung <em>52 beste Bauten: Baukultur im Kanton Graub\u00fcnden 1950\u20132000,<\/em> B\u00fcndner Heimatschutz, 2019<\/p>\n<p>Review und Controlling <em>Inventar der sch\u00fctzenswerten Bauten und Anlagen der SBB (ISBA),<\/em> im Auftrag der SBB, 2018\u20132020<\/p>\n<p>Steuerungsgruppe <em>Siedlungsinventar Winterthur,<\/em> 2014\u20132016<\/p>\n<p>Ausarbeitungsgremium Testplanung <em>Masterplan Familienheimgenossenschaft Z\u00fcrich FGZ,<\/em> 2014\u20132015<\/p>\n","protected":false},"excerpt":{"rendered":"<p>Ber\u00fccksichtigung des ISOS in der BZO Z\u00fcrich, im Auftrag des Amts f\u00fcr St\u00e4dtebau (mit Planwerkstadt), 2023\u20132025 Beratung Umbau Bankgeb\u00e4ude Schweizerische Kreditanstalt, Paradeplatz 8, Z\u00fcrich, im Auftrag der Halter AG, Schlieren, seit 2023 Experte Jurierung Entwicklungsplanung Spital Zollikerberg, im Auftrag des Diakoniewerks Neum\u00fcnster, Zollikon, 2023 Beurteilungsgremium Testplanung Zentrumspark Dielsdorf, 2020 Jurierung 52 beste Bauten: Baukultur im [&hellip;]<\/p>\n","protected":false},"author":1,"featured_media":0,"parent":0,"menu_order":0,"comment_status":"closed","ping_status":"closed","template":"","meta":{"footnotes":""},"class_list":["post-120","page","type-page","status-publish","hentry"],"_links":{"self":[{"href":"https:\/\/michaelhanak.ch\/index.php?rest_route=\/wp\/v2\/pages\/120","targetHints":{"allow":["GET"]}}],"collection":[{"href":"https:\/\/michaelhanak.ch\/index.php?rest_route=\/wp\/v2\/pages"}],"about":[{"href":"https:\/\/michaelhanak.ch\/index.php?rest_route=\/wp\/v2\/types\/page"}],"author":[{"embeddable":true,"href":"https:\/\/michaelhanak.ch\/index.php?rest_route=\/wp\/v2\/users\/1"}],"replies":[{"embeddable":true,"href":"https:\/\/michaelhanak.ch\/index.php?rest_route=%2Fwp%2Fv2%2Fcomments&post=120"}],"version-history":[{"count":13,"href":"https:\/\/michaelhanak.ch\/index.php?rest_route=\/wp\/v2\/pages\/120\/revisions"}],"predecessor-version":[{"id":276,"href":"https:\/\/michaelhanak.ch\/index.php?rest_route=\/wp\/v2\/pages\/120\/revisions\/276"}],"wp:attachment":[{"href":"https:\/\/michaelhanak.ch\/index.php?rest_route=%2Fwp%2Fv2%2Fmedia&parent=120"}],"curies":[{"name":"wp","href":"https:\/\/api.w.org\/{rel}","templated":true}]}}