{"id":115,"date":"2021-08-09T22:38:28","date_gmt":"2021-08-09T22:38:28","guid":{"rendered":"https:\/\/michaelhanak.ch\/wordpress\/?page_id=115"},"modified":"2026-01-17T17:33:33","modified_gmt":"2026-01-17T17:33:33","slug":"gutachten","status":"publish","type":"page","link":"https:\/\/michaelhanak.ch\/?page_id=115","title":{"rendered":"Gutachten\/Schutzw\u00fcrdigkeitsabkl\u00e4rungen"},"content":{"rendered":"<p><em>Kinderkrippe Zollikerberg, Neuweg 10, Zollikon, <\/em>im Auftrag der Gemeinde Zollikon, 2025<\/p>\n<p><em>Seebad, Romanshorn,<\/em> im Auftrag der Kantonalen Denkmalpflege Thurgau, 2025<\/p>\n<p><em>Bezirksgeb\u00e4ude\/ehem. Leih- und Sparkasse, Grynaustrasse 3, Uznach,<\/em> im Auftrag des Hochbauamts Kanton St. Gallen, 2025<\/p>\n<p><em>Zentrums\u00fcberbauung Kronenhof, Z\u00fcrich, <\/em>im Auftrag der Denkmalpflege der Stadt Z\u00fcrich, 2024<\/p>\n<p><em>Schulanlage Lettenweg Allschwil,<\/em> im Auftrag des Hochbauamts, Liestal, 2023<\/p>\n<p><em>Wohnsiedlung Pfauenhof Liestal,<\/em> im Auftrag der SBS AG, Pratteln, 2023<\/p>\n<p><em>Ehemaliges Betriebs- und Verwaltungsgeb\u00e4ude \u00abBlaue Post\u00bb in Chur, <\/em>im Auftrag der Denkmalpflege Kanton Graub\u00fcnden, 2023<\/p>\n<p><em>B\u00fcro- und Verwaltungsgeb\u00e4ude ABB Hauptsitz (Geb\u00e4ude 701), Baden,<\/em> im Auftrag der Stadt Baden, 2023<\/p>\n<p><em>Primarschulanlage Walenbach in Wetzikon,<\/em> im Auftrag der Stadt Wetzikon, 2023<\/p>\n<p><em>Labor Wankel, Rorschacherberg,<\/em> im Auftrag der Denkmalpflege Kanton St.\u00a0Gallen, 2022<\/p>\n<p><em>Pestalozzi-Turnhalle, Weinfelden, <\/em>im Auftrag des Bauamts Weinfelden, 2022<\/p>\n<p><em>Zentrum Regensdorf, <\/em>im Auftrag der Gemeinde Regensdorf, 2022<\/p>\n<p><em>Schulanlage Ku\u0308ngenmatt, Z\u00fcrich, <\/em>im Auftrag der Denkmalpflege der Stadt Z\u00fcrich, 2022<\/p>\n<p><em>Einfamilienhaus Landhausweg 43, Aarau,<\/em> im Auftrag des Stadtbauamts Aarau, 2022<\/p>\n<p><em>Gesch\u00e4ftshaus Laurenzenvorstadt 9, Aarau,<\/em> im Auftrag des Stadtbauamts Aarau, 2022<\/p>\n<p><em>Ehemaliges Bauernhaus mit Speicher, Kronenplatz 6 in Dietikon,<\/em> im Auftrag der Hochbauabteilung der Stadt Dietikon, 2022<\/p>\n<p><em>Sportanlagen Sand, Chur,<\/em> im Auftrag der Denkmalpflege Kanton Graub\u00fcnden, 2022<\/p>\n<p><em>Wohnhaus \u00abRebhaus\u00bb, Zumikerstrasse 20, K\u00fcsnacht,<\/em> im Auftrag der Gemeinde K\u00fcsnacht, 2022<\/p>\n<p><em>Ehemaliges Fabrikgeb\u00e4ude Im Kunzental 8\/12, Rheinfelden, <\/em>im Auftrag der Rudolf Vogel Immobilien AG, Rheinfelden, 2021<\/p>\n<p><em>Ehemalige Metzg, ehemaliges Waschhaus und ehemalige Zehntenscheune<\/em><em>, Kronenplatz 8\/10 und 11 in Dietikon, <\/em>im Auftrag der Hochbauabteilung der Stadt Dietikon, 2021<\/p>\n<p><em>Ehemaliges Schulhaus\u00a0\/\u00a0Gemeindehaus\u00a0\/\u00a0Gemeindekanzlei\u00a0\/\u00a0\u00abAltes Bauamt\u00bb, Untere Reppischstrasse 14 in Dietikon, <\/em>im Auftrag der Hochbauabteilung der Stadt Dietikon, 2021<\/p>\n<p><em>Gartenbad Bachgraben, Belforterstrasse 135, Basel\/Allschwil, <\/em>im Auftrag der Kantonalen Denkmalpflege Basel-Stadt, Basel, 2021<\/p>\n<p><em>Turmhochhaus Kantonsspital St. Gallen,<\/em> im Auftrag der Stadt St.\u00a0Gallen, 2021<\/p>\n<p><em>Kunsteisbahn Margarethen, Basel,<\/em> im Auftrag des Bau- und Verkehrsdepartements des Kantons Basel-Stadt, 2021<\/p>\n<p><em>Schulhaus Himmeri-Staudenb\u00fchl, Z\u00fcrich<\/em> im Auftrag der Denkmalpflege der Stadt Z\u00fcrich, 2020<\/p>\n<p><em>Gemeindehaus Sarnen,<\/em> im Auftrag der Denkmalpflege Kanton Obwalden, Sarnen, 2019<\/p>\n<p><em>Gellert-Garage, St. Alban-Anlage 72, Sevogelstrasse 26\u201328, Basel, <\/em>im Auftrag der Denkmalpflege Kanton Basel-Stadt, 2019<\/p>\n<p><em>Gartenbad St. Jakob, Basel\/M\u00fcnchenstein, <\/em>im Auftrag von Immobilien Basel-Stadt, Basel, 2019<\/p>\n<p><em>Wohnhaus mit Arztpraxis, Im F\u00fcler 2\/2a, Kappel (SO),<\/em> im Auftrag des Amts f\u00fcr Denkmalpflege und Arch\u00e4ologie, Solothurn, und des Hauseigent\u00fcmers, 2018<\/p>\n<p><em>Einfamilienhaus Solitude, Rychenbergstrasse 141, Winterthur, <\/em>im Auftrag der Denkmalpflege der Stadt Winterthur, 2018<\/p>\n<p><em>Einfamilienhaus mit Arztpraxis am Bergweg 2 in K\u00fcssnacht am Rigi,<\/em> im Auftrag der Bezirksverwaltung K\u00fcssnacht, K\u00fcssnacht am Rigi, 2018<\/p>\n<p><em>Schulanlage Letzi, Z\u00fcrich-Albisrieden, <\/em>im Auftrag der Denkmalpflege der Stadt Z\u00fcrich, 2017\u20132018<\/p>\n<p>&nbsp;<\/p>\n","protected":false},"excerpt":{"rendered":"<p>Kinderkrippe Zollikerberg, Neuweg 10, Zollikon, im Auftrag der Gemeinde Zollikon, 2025 Seebad, Romanshorn, im Auftrag der Kantonalen Denkmalpflege Thurgau, 2025 Bezirksgeb\u00e4ude\/ehem. Leih- und Sparkasse, Grynaustrasse 3, Uznach, im Auftrag des Hochbauamts Kanton St. Gallen, 2025 Zentrums\u00fcberbauung Kronenhof, Z\u00fcrich, im Auftrag der Denkmalpflege der Stadt Z\u00fcrich, 2024 Schulanlage Lettenweg Allschwil, im Auftrag des Hochbauamts, Liestal, 2023 [&hellip;]<\/p>\n","protected":false},"author":1,"featured_media":0,"parent":0,"menu_order":0,"comment_status":"closed","ping_status":"closed","template":"","meta":{"footnotes":""},"class_list":["post-115","page","type-page","status-publish","hentry"],"_links":{"self":[{"href":"https:\/\/michaelhanak.ch\/index.php?rest_route=\/wp\/v2\/pages\/115","targetHints":{"allow":["GET"]}}],"collection":[{"href":"https:\/\/michaelhanak.ch\/index.php?rest_route=\/wp\/v2\/pages"}],"about":[{"href":"https:\/\/michaelhanak.ch\/index.php?rest_route=\/wp\/v2\/types\/page"}],"author":[{"embeddable":true,"href":"https:\/\/michaelhanak.ch\/index.php?rest_route=\/wp\/v2\/users\/1"}],"replies":[{"embeddable":true,"href":"https:\/\/michaelhanak.ch\/index.php?rest_route=%2Fwp%2Fv2%2Fcomments&post=115"}],"version-history":[{"count":9,"href":"https:\/\/michaelhanak.ch\/index.php?rest_route=\/wp\/v2\/pages\/115\/revisions"}],"predecessor-version":[{"id":270,"href":"https:\/\/michaelhanak.ch\/index.php?rest_route=\/wp\/v2\/pages\/115\/revisions\/270"}],"wp:attachment":[{"href":"https:\/\/michaelhanak.ch\/index.php?rest_route=%2Fwp%2Fv2%2Fmedia&parent=115"}],"curies":[{"name":"wp","href":"https:\/\/api.w.org\/{rel}","templated":true}]}}