{"id":110,"date":"2021-08-09T22:26:01","date_gmt":"2021-08-09T22:26:01","guid":{"rendered":"https:\/\/michaelhanak.ch\/wordpress\/?page_id=110"},"modified":"2025-03-07T07:40:09","modified_gmt":"2025-03-07T07:40:09","slug":"industrieareale","status":"publish","type":"page","link":"https:\/\/michaelhanak.ch\/?page_id=110","title":{"rendered":"Industriearealanalysen"},"content":{"rendered":"<p><em>Zeughausareal und Industrieareal Artoz in Lenzburg, <\/em>im Auftrag des Stadtbauamts Lenzburg, 2023<\/p>\n<p><em>Klybeckareal ehem. Ciba, Basel:<\/em> Ehem. Wohlfahrtsgeb\u00e4ude Horburg, Klybeck-Kantine, Fabrikationsgeb\u00e4ude Mauerstrasse und Hochhaus f\u00fcr biologische Forschung, im Auftrag der Denkmalpflege Kanton Basel-Stadt, 2020<\/p>\n<p><em>Ehemalige Maschinenfabrik Rauschenbach der Georg Fischer AG in Schaffhausen,<\/em> im Auftrag der Denkmalpflege Schaffhausen, 2019\u20132020<\/p>\n<p><em>Industrieareal Sprengstofffabrik Cheddite in Liestal und Lausen, <\/em>im Auftrag des Stadtbauamts Liestal, 2019<\/p>\n<p><em>Ehemalige Maschinenfabrik R\u00fcti, Industrieareal Joweid in R\u00fcti,<\/em> im Auftrag der Denkmalpflege des Kantons Z\u00fcrich, 2019<\/p>\n<p><em>Gaswerk und Kesselhaus der Georg Fischer AG in Schaffhausen, <\/em>im Auftrag der Denkmalpflege Schaffhausen, 2019<\/p>\n<p><em>SIG Neuhausen am Rheinfall. Arealentwicklung und Inventar mit Erhaltungszielen,<\/em> im Auftrag der Denkmalpflege Schaffhausen, 2011\u20132013<\/p>\n<p><em>Architekturgeschichtliches Inventar Industrieareal Hero, Lenzburg,<\/em> im Auftrag des Stadtbauamts Lenzburg 2009<\/p>\n<p><em>Inventar und Erhaltungsziel f\u00fcr das Werk I der Georg Fischer AG Schaffhausen,<\/em> im Auftrag der Denkmalpflege Schaffhausen, 2009<\/p>\n<p><em>Inventar Industriegebiet Torfeld S\u00fcd, Aarau,<\/em> im Auftrag des Stadtbauamts Aarau, 2008<\/p>\n","protected":false},"excerpt":{"rendered":"<p>Zeughausareal und Industrieareal Artoz in Lenzburg, im Auftrag des Stadtbauamts Lenzburg, 2023 Klybeckareal ehem. Ciba, Basel: Ehem. Wohlfahrtsgeb\u00e4ude Horburg, Klybeck-Kantine, Fabrikationsgeb\u00e4ude Mauerstrasse und Hochhaus f\u00fcr biologische Forschung, im Auftrag der Denkmalpflege Kanton Basel-Stadt, 2020 Ehemalige Maschinenfabrik Rauschenbach der Georg Fischer AG in Schaffhausen, im Auftrag der Denkmalpflege Schaffhausen, 2019\u20132020 Industrieareal Sprengstofffabrik Cheddite in Liestal und [&hellip;]<\/p>\n","protected":false},"author":1,"featured_media":0,"parent":0,"menu_order":0,"comment_status":"closed","ping_status":"closed","template":"","meta":{"footnotes":""},"class_list":["post-110","page","type-page","status-publish","hentry"],"_links":{"self":[{"href":"https:\/\/michaelhanak.ch\/index.php?rest_route=\/wp\/v2\/pages\/110","targetHints":{"allow":["GET"]}}],"collection":[{"href":"https:\/\/michaelhanak.ch\/index.php?rest_route=\/wp\/v2\/pages"}],"about":[{"href":"https:\/\/michaelhanak.ch\/index.php?rest_route=\/wp\/v2\/types\/page"}],"author":[{"embeddable":true,"href":"https:\/\/michaelhanak.ch\/index.php?rest_route=\/wp\/v2\/users\/1"}],"replies":[{"embeddable":true,"href":"https:\/\/michaelhanak.ch\/index.php?rest_route=%2Fwp%2Fv2%2Fcomments&post=110"}],"version-history":[{"count":5,"href":"https:\/\/michaelhanak.ch\/index.php?rest_route=\/wp\/v2\/pages\/110\/revisions"}],"predecessor-version":[{"id":219,"href":"https:\/\/michaelhanak.ch\/index.php?rest_route=\/wp\/v2\/pages\/110\/revisions\/219"}],"wp:attachment":[{"href":"https:\/\/michaelhanak.ch\/index.php?rest_route=%2Fwp%2Fv2%2Fmedia&parent=110"}],"curies":[{"name":"wp","href":"https:\/\/api.w.org\/{rel}","templated":true}]}}